{"id":6839,"date":"2023-08-22T03:32:59","date_gmt":"2023-08-22T07:32:59","guid":{"rendered":"https:\/\/inat.mspbs.gov.py\/?page_id=6839"},"modified":"2023-08-22T05:17:13","modified_gmt":"2023-08-22T09:17:13","slug":"presidente-del-directorio","status":"publish","type":"page","link":"https:\/\/inat.mspbs.gov.py\/?page_id=6839","title":{"rendered":"PRESIDENTE DEL DIRECTORIO"},"content":{"rendered":"\t\t<div data-elementor-type=\"wp-page\" data-elementor-id=\"6839\" class=\"elementor elementor-6839\" data-elementor-settings=\"[]\">\n\t\t\t\t\t\t\t<div class=\"elementor-section-wrap\">\n\t\t\t\t\t\t\t<section class=\"elementor-section elementor-top-section elementor-element elementor-element-7fda271 elementor-section-boxed elementor-section-height-default elementor-section-height-default elementor-invisible\" data-id=\"7fda271\" data-element_type=\"section\" data-settings=\"{&quot;animation&quot;:&quot;fadeInLeft&quot;}\">\n\t\t\t\t\t\t<div class=\"elementor-container elementor-column-gap-default\">\n\t\t\t\t\t<div class=\"elementor-column elementor-col-100 elementor-top-column elementor-element elementor-element-7ba8c74\" data-id=\"7ba8c74\" data-element_type=\"column\">\n\t\t\t<div class=\"elementor-widget-wrap elementor-element-populated\">\n\t\t\t\t\t\t\t\t<div class=\"elementor-element elementor-element-71846ff elementor-widget elementor-widget-image\" data-id=\"71846ff\" data-element_type=\"widget\" data-widget_type=\"image.default\">\n\t\t\t\t<div class=\"elementor-widget-container\">\n\t\t\t\t\t\t\t\t\t\t\t\t\t\t\t<img width=\"384\" height=\"533\" src=\"https:\/\/inat.mspbs.gov.py\/wp-content\/uploads\/2023\/08\/presidente_inat_2023.png\" class=\"attachment-large size-large\" alt=\"\" loading=\"lazy\" \/>\t\t\t\t\t\t\t\t\t\t\t\t\t\t\t<\/div>\n\t\t\t\t<\/div>\n\t\t\t\t\t<\/div>\n\t\t<\/div>\n\t\t\t\t\t\t\t<\/div>\n\t\t<\/section>\n\t\t\t\t<section class=\"elementor-section elementor-top-section elementor-element elementor-element-9a413f3 elementor-section-boxed elementor-section-height-default elementor-section-height-default elementor-invisible\" data-id=\"9a413f3\" data-element_type=\"section\" data-settings=\"{&quot;animation&quot;:&quot;fadeInUp&quot;}\">\n\t\t\t\t\t\t<div class=\"elementor-container elementor-column-gap-default\">\n\t\t\t\t\t<div class=\"elementor-column elementor-col-100 elementor-top-column elementor-element elementor-element-4398211\" data-id=\"4398211\" data-element_type=\"column\">\n\t\t\t<div class=\"elementor-widget-wrap elementor-element-populated\">\n\t\t\t\t\t\t\t\t<div class=\"elementor-element elementor-element-2d9acfa elementor-widget elementor-widget-heading\" data-id=\"2d9acfa\" data-element_type=\"widget\" data-widget_type=\"heading.default\">\n\t\t\t\t<div class=\"elementor-widget-container\">\n\t\t\t<h2 class=\"elementor-heading-title elementor-size-default\">Dr. Hugo Abelardo Espinoza Cardozo<\/h2>\t\t<\/div>\n\t\t\t\t<\/div>\n\t\t\t\t\t<\/div>\n\t\t<\/div>\n\t\t\t\t\t\t\t<\/div>\n\t\t<\/section>\n\t\t\t\t<section class=\"elementor-section elementor-top-section elementor-element elementor-element-1bf760e elementor-section-boxed elementor-section-height-default elementor-section-height-default elementor-invisible\" data-id=\"1bf760e\" data-element_type=\"section\" data-settings=\"{&quot;animation&quot;:&quot;fadeInUp&quot;}\">\n\t\t\t\t\t\t<div class=\"elementor-container elementor-column-gap-default\">\n\t\t\t\t\t<div class=\"elementor-column elementor-col-100 elementor-top-column elementor-element elementor-element-ea8a425\" data-id=\"ea8a425\" data-element_type=\"column\">\n\t\t\t<div class=\"elementor-widget-wrap elementor-element-populated\">\n\t\t\t\t\t\t\t\t<div class=\"elementor-element elementor-element-2bcdcab elementor-widget elementor-widget-heading\" data-id=\"2bcdcab\" data-element_type=\"widget\" data-widget_type=\"heading.default\">\n\t\t\t\t<div class=\"elementor-widget-container\">\n\t\t\t<h2 class=\"elementor-heading-title elementor-size-default\">Presidente del Directorio del Instituto Nacional de Ablaci\u00f3n y Trasplante<\/h2>\t\t<\/div>\n\t\t\t\t<\/div>\n\t\t\t\t\t<\/div>\n\t\t<\/div>\n\t\t\t\t\t\t\t<\/div>\n\t\t<\/section>\n\t\t\t\t<section class=\"elementor-section elementor-top-section elementor-element elementor-element-c9f4687 elementor-section-boxed elementor-section-height-default elementor-section-height-default elementor-invisible\" data-id=\"c9f4687\" data-element_type=\"section\" data-settings=\"{&quot;animation&quot;:&quot;fadeInRight&quot;}\">\n\t\t\t\t\t\t<div class=\"elementor-container elementor-column-gap-default\">\n\t\t\t\t\t<div class=\"elementor-column elementor-col-100 elementor-top-column elementor-element elementor-element-2c266c3\" data-id=\"2c266c3\" data-element_type=\"column\">\n\t\t\t<div class=\"elementor-widget-wrap elementor-element-populated\">\n\t\t\t\t\t\t\t\t<div class=\"elementor-element elementor-element-a3bd353 elementor-widget elementor-widget-text-editor\" data-id=\"a3bd353\" data-element_type=\"widget\" data-widget_type=\"text-editor.default\">\n\t\t\t\t<div class=\"elementor-widget-container\">\n\t\t\t\t\t\t\t<p><strong>Hugo Abelardo Espinoza Cardozo<\/strong> nacido en la ciudad de Asunci\u00f3n, Capital de la Rep\u00fablica del Paraguay, casado y con tres hijos.<\/p><p>Realizo sus estudios de Medicina en la Universidad Nacional de Asunci\u00f3n- (U.N.A &#8211; Paraguay), obteniendo el t\u00edtulo de <strong>Doctor en Medicina y Cirug\u00eda<\/strong>, acordado por\u00a0 la Universidad Nacional de\u00a0 Asunci\u00f3n. (Paraguay ) No. de Orden 4084, Afojas No. 66,22 de Abril de 1983.\u00a0 Matriculado en el Ministerio de Salud P\u00fablica y Bienestar Social en el tomo\u00a0 VII, folio N\u00ba. 72. en Registro N\u00ba. 2978 de fecha 9 de Julio de 1983.<\/p><p>Posee las especialidades en:<\/p><ul><li><strong>\u00a0Salud P\u00fablica y Administraci\u00f3n Hospitalaria<\/strong>, otorgado por la Departamento de Post Grado, de la Facultad de Ciencias M\u00e9dicas de la Universidad Nacional de Asunci\u00f3n. Diploma n\u00famero EO65Sp, se halla registrado bajo el N\u00ba de orden 65, a fojas n\u00ba 3, del libro de Grado n\u00ba 3, en fecha 13\/ 11\/2007 en el Rectorado de la Universidad de Asunci\u00f3n.<\/li><\/ul><ul><li><strong>\u00a0Cirug\u00eda General<\/strong>, otorgado por el Departamento de post-grado de la Facultad de Ciencias M\u00e9dicas de la Universidad Nacional de Asunci\u00f3n. Diploma registrado bajo el N\u00b0 de Orden 430, a fojas N\u00b0 26, del libro de Grado N\u00b0 1, en fecha 28 \/ 02 \/ 2001; en el Rectorado de la Universidad Nacional de Asunci\u00f3n.<\/li><\/ul><ul><li><strong>\u00a0DID\u00c1CTICA UNIVERSITARIA<\/strong>.-Facultad de Ciencias M\u00e9dica. Universidad Nacional de Asunci\u00f3nCertificado de la Universidad Nacional de Asunci\u00f3n de fecha: 29 de Junio 2001, registrado bajo el n\u00b0 de orden 927, fojas n\u00b0 31 del libro de grado n\u00b0 1.<\/li><\/ul><ul><li><strong>Cirug\u00eda Vascular<\/strong>, acordado por el Colegio Franc\u00e9s de Cirug\u00eda Vascular. Legalizado por el Rectorado de la Universidad Nacional de Asunci\u00f3n, en fecha 16 de noviembre de 2000.<\/li><\/ul>\t\t\t\t\t\t<\/div>\n\t\t\t\t<\/div>\n\t\t\t\t\t<\/div>\n\t\t<\/div>\n\t\t\t\t\t\t\t<\/div>\n\t\t<\/section>\n\t\t\t\t<section class=\"elementor-section elementor-top-section elementor-element elementor-element-d6067e3 elementor-section-boxed elementor-section-height-default elementor-section-height-default elementor-invisible\" data-id=\"d6067e3\" data-element_type=\"section\" data-settings=\"{&quot;animation&quot;:&quot;fadeInLeft&quot;}\">\n\t\t\t\t\t\t<div class=\"elementor-container elementor-column-gap-default\">\n\t\t\t\t\t<div class=\"elementor-column elementor-col-100 elementor-top-column elementor-element elementor-element-26766bb\" data-id=\"26766bb\" data-element_type=\"column\">\n\t\t\t<div class=\"elementor-widget-wrap elementor-element-populated\">\n\t\t\t\t\t\t\t\t<div class=\"elementor-element elementor-element-14e01a9 elementor-widget elementor-widget-text-editor\" data-id=\"14e01a9\" data-element_type=\"widget\" data-widget_type=\"text-editor.default\">\n\t\t\t\t<div class=\"elementor-widget-container\">\n\t\t\t\t\t\t\t<p>En lo laboral se ha desarrollado como:<\/p><ul><li><strong>Jefe de sala y Auxiliar de la Docencia, de la Primera C\u00e1tedra de Cl\u00ednica Quir\u00fargica<\/strong> (Sala X), del Hospital de Cl\u00ednicas \u2013 Facultad de Ciencias M\u00e9dicas- Universidad Nacional de Asunci\u00f3n. Desde 1993 hasta 2019.<\/li><\/ul><ul><li><strong>Presidente del Instituto Nacional de Ablaci\u00f3n y Trasplante-INAT, del Ministerio de Salud P\u00fablica y Bienestar Social.<\/strong> Desde 11\/09\/2008 al 28\/02\/ 2018. seg\u00fan decreto de la Presidencia de la Rep\u00fablica n\u00ba 222, del 8 de Setiembre de 2008. \/ Resoluci\u00f3n n\u00ba 267, del 11 de Setiembre 2008, del Ministerio de Salud P\u00fablica y Bienestar Social.<\/li><\/ul><ul><li><strong>Presidente de la Sociedad Paraguaya de Cirug\u00eda<\/strong> (2005-2006).<\/li><\/ul><ul><li><strong>Vice Director de Servicios Asistenciales con funciones de <u>Director Interino del Centro<\/u> <u>Materno Infantil, del Hospital de Cl\u00ednicas<\/u><\/strong><u>. <\/u>Resoluci\u00f3n del Honorable Consejo Directivo de la Facultad de Ciencias M\u00e9dicas n\u00b0 471\/ 03, acta n\u00b0 2351, de fecha 28 de Noviembre de 2003.<\/li><\/ul><ul><li><strong>Presidente de la Sociedad Paraguaya de Cirug\u00eda Vascular<\/strong>. (2000 \u2013 2002).<\/li><\/ul><ul><li><strong>Asistente Jefe de Cl\u00ednica asociado<\/strong> de la Universidad de AIX-MARSEILLE II, en el servicio de Cirug\u00eda Vascular del Profesor C. JUHAN, Hospital NORD (Marsella-Francia) (1991 -1992).<\/li><\/ul><ul><li><strong>Asistente &#8211; Jefe de Cl\u00ednica asociado<\/strong> de la Universidad de AIX-MARSEILLE II, en el servicio de Cirug\u00eda Vascular del Profesor A. BRANCHEREAU, Hospital SAINTE MARGUERITE, (Marsella-Francia) (1990 -1991).<\/li><\/ul><ul><li><strong><span style=\"font-size: 12.0pt; font-family: 'Century Gothic',sans-serif; mso-bidi-font-family: 'Times New Roman';\">Asistente -Jefe de Cl\u00ednica asociado<\/span><\/strong><span style=\"font-size: 12.0pt; font-family: 'Century Gothic',sans-serif; mso-bidi-font-family: 'Times New Roman';\"> de la Universidad de AIX-MARSEILLE II, en el servicio de Cirug\u00eda General y de enfermedades vasculares, servicio del Profesor R. DEVIN, hospital LA TIMONE (Marsella &#8211; Francia) (1989-1990).<\/span><\/li><\/ul><ul><li><strong><span style=\"font-size: 12.0pt; line-height: 107%; font-family: 'Century Gothic',sans-serif; mso-bidi-font-family: 'Times New Roman';\">Asistente Extranjero<span style=\"mso-spacerun: yes;\">\u00a0 <\/span>de la Facultad de Medicina de Marsella -Francia<\/span><\/strong><span style=\"font-size: 12.0pt; line-height: 107%; font-family: 'Century Gothic',sans-serif; mso-bidi-font-family: 'Times New Roman';\"> , acordado por la Universidad de AIX &#8211; MARSEILLE II en el Servicio de Cirug\u00eda General y de Enfermedades<span style=\"mso-spacerun: yes;\">\u00a0 <\/span>Vasculares ( Hospital Timone ).<span style=\"mso-spacerun: yes;\">\u00a0 <\/span>Servicio del Profesor R.<span style=\"mso-spacerun: yes;\">\u00a0 <\/span>Devin. (1987- 1989). <\/span><\/li><\/ul>\t\t\t\t\t\t<\/div>\n\t\t\t\t<\/div>\n\t\t\t\t\t<\/div>\n\t\t<\/div>\n\t\t\t\t\t\t\t<\/div>\n\t\t<\/section>\n\t\t\t\t<section class=\"elementor-section elementor-top-section elementor-element elementor-element-1bcb418 elementor-section-boxed elementor-section-height-default elementor-section-height-default elementor-invisible\" data-id=\"1bcb418\" data-element_type=\"section\" data-settings=\"{&quot;animation&quot;:&quot;fadeInRight&quot;}\">\n\t\t\t\t\t\t<div class=\"elementor-container elementor-column-gap-default\">\n\t\t\t\t\t<div class=\"elementor-column elementor-col-100 elementor-top-column elementor-element elementor-element-823fec4\" data-id=\"823fec4\" data-element_type=\"column\">\n\t\t\t<div class=\"elementor-widget-wrap elementor-element-populated\">\n\t\t\t\t\t\t\t\t<div class=\"elementor-element elementor-element-890adcc elementor-widget elementor-widget-text-editor\" data-id=\"890adcc\" data-element_type=\"widget\" data-widget_type=\"text-editor.default\">\n\t\t\t\t<div class=\"elementor-widget-container\">\n\t\t\t\t\t\t\t<p>Capacitaciones en el \u00e1mbito de Donaci\u00f3n y Trasplante:<\/p>\n<ul>\n<li><strong>CURSO AVANZADO DE LA ASOCIACI\u00d3N ARGENTINA DE PROCURACI\u00d3N DE ORGANOS Y TEJIDOS PARA TRASPLANTE, (Nuevas Tendencias de las Organizaciones de Donaci\u00f3n y Trasplante<\/strong>),&nbsp; Noviembre de 2011, Buenos Aires \u2013 Argentina<\/li>\n<\/ul>\n<ul>\n<li><strong>CURSO SUPERIOR INTERNACIONAL EN COORDINACION DE TRASPLANTES (Transplant Procurement Management-TPM)<\/strong>, de la Univesidad de Barcelona, febrero 2011, en Barcelona-Espa\u00f1a.<\/li><\/ul><ul><li><b><span lang=\"ES\" style=\"font-size: 14.0pt; line-height: 115%; font-family: 'Times New Roman',serif;\">CURSO E.D.H.E.P. (Curso EDHEP Programa Integral Europeo para la Donaci\u00f3n de \u00d3rganos)<\/span><\/b><span lang=\"ES\" style=\"font-size: 14.0pt; line-height: 115%; font-family: 'Times New Roman',serif;\">,<span style=\"mso-spacerun: yes;\">&nbsp; <\/span>Julio 2010 en Asunci\u00f3n-Paraguay, dictados por docentes del INCUCAI-Argentina.<\/span><\/li>\n<\/ul>\n<ul>\n<li><strong>CURSO E.D.H.E.P. (EUROPEAN DONOR HOSPITAL EDUCATION PROGRAMME)<\/strong> Instituto Nacional de Coordinaci\u00f3n de Trasplante- (INCORT).Rep\u00fablica Dominicana. La Romana-Rep\u00fablica Dominicana.<\/li>\n<\/ul>\n<ul>\n<li><strong>Estad\u00eda de formaci\u00f3n en \u201cTrasplante Renal\u201d<\/strong> en el servicio del Profesor SAMI ARAP, del Hospital Das Cl\u00ednicas de la Facultad de Medicina, Universidad de San Pablo (Brasil) Marzo de 1993. <\/li>\n<\/ul>\t\t\t\t\t\t<\/div>\n\t\t\t\t<\/div>\n\t\t\t\t\t<\/div>\n\t\t<\/div>\n\t\t\t\t\t\t\t<\/div>\n\t\t<\/section>\n\t\t\t\t<section class=\"elementor-section elementor-top-section elementor-element elementor-element-6de4453 elementor-section-boxed elementor-section-height-default elementor-section-height-default elementor-invisible\" data-id=\"6de4453\" data-element_type=\"section\" data-settings=\"{&quot;animation&quot;:&quot;fadeInLeft&quot;}\">\n\t\t\t\t\t\t<div class=\"elementor-container elementor-column-gap-default\">\n\t\t\t\t\t<div class=\"elementor-column elementor-col-100 elementor-top-column elementor-element elementor-element-8bff831\" data-id=\"8bff831\" data-element_type=\"column\">\n\t\t\t<div class=\"elementor-widget-wrap elementor-element-populated\">\n\t\t\t\t\t\t\t\t<div class=\"elementor-element elementor-element-7ea148a elementor-widget elementor-widget-text-editor\" data-id=\"7ea148a\" data-element_type=\"widget\" data-widget_type=\"text-editor.default\">\n\t\t\t\t<div class=\"elementor-widget-container\">\n\t\t\t\t\t\t\t<p>Adem\u00e1s, ha sido designado como Representante por Paraguay ante la:<\/p><ul><li><strong>Red\/Consejo Iberoamericano de Donaci\u00f3n y Trasplante, (RCIDT), que preside Espa\u00f1a, <\/strong>desde el 11\/09\/2008 al 28\/02\/2018.<\/li><li><strong>Comisi\u00f3n Intergubernamental de Donaci\u00f3n y Trasplante (CIDT) del Mercosur,<\/strong> desde el 11\/09\/2008 al 28\/02\/2018.<\/li><\/ul><p>Fue <strong>Presidente del Comit\u00e9 Organizador en<\/strong><strong>:<\/strong><\/p><ul><li>IV Curso de Extensi\u00f3n STALYC\u00a0 de Trasplante<\/li><li>I Congreso Paraguayo de Donaci\u00f3n y\u00a0 Trasplante &#8211; Asunci\u00f3n, 25 -26 Noviembre 2010<\/li><\/ul><p>Participaciones importantes:<\/p><ul><li><strong>M\u00e9dico cirujano (m\u00e9dico residente) participante, del primer trasplante renal exitoso en Paraguay, Hospital de Clinicas (FCM-UNA) Primera C\u00e1tedra de Cl\u00ednica Quir\u00fargica (Sala X) <\/strong>el 28\/12\/1985.<\/li><li><strong>M\u00e9dico Cirujano Vascular participante del Primer Trasplante Cardiaco infantil.<\/strong> 1997<\/li><\/ul>\t\t\t\t\t\t<\/div>\n\t\t\t\t<\/div>\n\t\t\t\t\t<\/div>\n\t\t<\/div>\n\t\t\t\t\t\t\t<\/div>\n\t\t<\/section>\n\t\t\t\t<section class=\"elementor-section elementor-top-section elementor-element elementor-element-a324e07 elementor-section-boxed elementor-section-height-default elementor-section-height-default elementor-invisible\" data-id=\"a324e07\" data-element_type=\"section\" data-settings=\"{&quot;animation&quot;:&quot;fadeInUp&quot;}\">\n\t\t\t\t\t\t<div class=\"elementor-container elementor-column-gap-default\">\n\t\t\t\t\t<div class=\"elementor-column elementor-col-100 elementor-top-column elementor-element elementor-element-233bee0\" data-id=\"233bee0\" data-element_type=\"column\">\n\t\t\t<div class=\"elementor-widget-wrap elementor-element-populated\">\n\t\t\t\t\t\t\t\t<div class=\"elementor-element elementor-element-d731dbd elementor-widget elementor-widget-spacer\" data-id=\"d731dbd\" data-element_type=\"widget\" data-widget_type=\"spacer.default\">\n\t\t\t\t<div class=\"elementor-widget-container\">\n\t\t\t\t\t<div class=\"elementor-spacer\">\n\t\t\t<div class=\"elementor-spacer-inner\"><\/div>\n\t\t<\/div>\n\t\t\t\t<\/div>\n\t\t\t\t<\/div>\n\t\t\t\t<div class=\"elementor-element elementor-element-b26e6e1 elementor-widget elementor-widget-image\" data-id=\"b26e6e1\" data-element_type=\"widget\" data-widget_type=\"image.default\">\n\t\t\t\t<div class=\"elementor-widget-container\">\n\t\t\t\t\t\t\t\t\t\t\t\t\t\t\t<img width=\"800\" height=\"84\" src=\"https:\/\/inat.mspbs.gov.py\/wp-content\/uploads\/2023\/08\/logo-gobierno-2023-2.jpg\" class=\"attachment-large size-large\" alt=\"\" loading=\"lazy\" \/>\t\t\t\t\t\t\t\t\t\t\t\t\t\t\t<\/div>\n\t\t\t\t<\/div>\n\t\t\t\t\t<\/div>\n\t\t<\/div>\n\t\t\t\t\t\t\t<\/div>\n\t\t<\/section>\n\t\t\t\t\t\t<\/div>\n\t\t\t\t\t<\/div>\n\t\t","protected":false},"excerpt":{"rendered":"<p>Dr. Hugo Abelardo Espinoza Cardozo Presidente del Directorio del Instituto Nacional de Ablaci\u00f3n y Trasplante Hugo Abelardo Espinoza Cardozo nacido<\/p>\n","protected":false},"author":3,"featured_media":0,"parent":0,"menu_order":0,"comment_status":"closed","ping_status":"closed","template":"","meta":[],"_links":{"self":[{"href":"https:\/\/inat.mspbs.gov.py\/index.php?rest_route=\/wp\/v2\/pages\/6839"}],"collection":[{"href":"https:\/\/inat.mspbs.gov.py\/index.php?rest_route=\/wp\/v2\/pages"}],"about":[{"href":"https:\/\/inat.mspbs.gov.py\/index.php?rest_route=\/wp\/v2\/types\/page"}],"author":[{"embeddable":true,"href":"https:\/\/inat.mspbs.gov.py\/index.php?rest_route=\/wp\/v2\/users\/3"}],"replies":[{"embeddable":true,"href":"https:\/\/inat.mspbs.gov.py\/index.php?rest_route=%2Fwp%2Fv2%2Fcomments&post=6839"}],"version-history":[{"count":273,"href":"https:\/\/inat.mspbs.gov.py\/index.php?rest_route=\/wp\/v2\/pages\/6839\/revisions"}],"predecessor-version":[{"id":7115,"href":"https:\/\/inat.mspbs.gov.py\/index.php?rest_route=\/wp\/v2\/pages\/6839\/revisions\/7115"}],"wp:attachment":[{"href":"https:\/\/inat.mspbs.gov.py\/index.php?rest_route=%2Fwp%2Fv2%2Fmedia&parent=6839"}],"curies":[{"name":"wp","href":"https:\/\/api.w.org\/{rel}","templated":true}]}}