{"id":5734,"date":"2023-03-14T20:57:25","date_gmt":"2023-03-14T23:57:25","guid":{"rendered":"https:\/\/inat.mspbs.gov.py\/?page_id=5734"},"modified":"2023-08-16T12:51:11","modified_gmt":"2023-08-16T16:51:11","slug":"profesionales-de-salud-instituciones","status":"publish","type":"page","link":"https:\/\/inat.mspbs.gov.py\/?page_id=5734","title":{"rendered":"PROFESIONALES DE SALUD \/ INSTITUCIONES"},"content":{"rendered":"\t\t<div data-elementor-type=\"wp-page\" data-elementor-id=\"5734\" class=\"elementor elementor-5734\" data-elementor-settings=\"[]\">\n\t\t\t\t\t\t\t<div class=\"elementor-section-wrap\">\n\t\t\t\t\t\t\t<section class=\"elementor-section elementor-top-section elementor-element elementor-element-c660e86 elementor-section-full_width elementor-section-height-min-height elementor-section-height-default elementor-section-items-middle\" data-id=\"c660e86\" data-element_type=\"section\" id=\"profesional_medico\" data-settings=\"{&quot;background_background&quot;:&quot;classic&quot;}\">\n\t\t\t\t\t\t<div class=\"elementor-container elementor-column-gap-default\">\n\t\t\t\t\t<div class=\"elementor-column elementor-col-100 elementor-top-column elementor-element elementor-element-39ccfe6\" data-id=\"39ccfe6\" data-element_type=\"column\">\n\t\t\t<div class=\"elementor-widget-wrap elementor-element-populated\">\n\t\t\t\t\t\t\t\t<div class=\"elementor-element elementor-element-0431159 elementor-widget elementor-widget-heading\" data-id=\"0431159\" data-element_type=\"widget\" data-widget_type=\"heading.default\">\n\t\t\t\t<div class=\"elementor-widget-container\">\n\t\t\t<h2 class=\"elementor-heading-title elementor-size-default\">Procesos vinculados al Profesional en la Salud<\/h2>\t\t<\/div>\n\t\t\t\t<\/div>\n\t\t\t\t<div class=\"elementor-element elementor-element-ac4c339 elementor-tabs-view-horizontal elementor-widget elementor-widget-tabs\" data-id=\"ac4c339\" data-element_type=\"widget\" data-widget_type=\"tabs.default\">\n\t\t\t\t<div class=\"elementor-widget-container\">\n\t\t\t\t\t<div class=\"elementor-tabs\">\n\t\t\t<div class=\"elementor-tabs-wrapper\" role=\"tablist\" >\n\t\t\t\t\t\t\t\t\t<div id=\"elementor-tab-title-1801\" class=\"elementor-tab-title elementor-tab-desktop-title\" aria-selected=\"true\" data-tab=\"1\" role=\"tab\" tabindex=\"0\" aria-controls=\"elementor-tab-content-1801\" aria-expanded=\"false\">Solicitud de acreditaci\u00f3n para actividades en el \u00e1rea de ablaci\u00f3n y trasplantes de \u00f3rganos y tejidos<\/div>\n\t\t\t\t\t\t\t\t\t<div id=\"elementor-tab-title-1802\" class=\"elementor-tab-title elementor-tab-desktop-title\" aria-selected=\"false\" data-tab=\"2\" role=\"tab\" tabindex=\"-1\" aria-controls=\"elementor-tab-content-1802\" aria-expanded=\"false\">Inscripci\u00f3n de pacientes a la Lista de Espera \u00danica Nacional - (LEUN) \/ DONANTE CADAV\u00c9RICO<\/div>\n\t\t\t\t\t\t\t\t\t<div id=\"elementor-tab-title-1803\" class=\"elementor-tab-title elementor-tab-desktop-title\" aria-selected=\"false\" data-tab=\"3\" role=\"tab\" tabindex=\"-1\" aria-controls=\"elementor-tab-content-1803\" aria-expanded=\"false\">Solicitud de estudios laboratoriales<\/div>\n\t\t\t\t\t\t\t\t\t<div id=\"elementor-tab-title-1804\" class=\"elementor-tab-title elementor-tab-desktop-title\" aria-selected=\"false\" data-tab=\"4\" role=\"tab\" tabindex=\"-1\" aria-controls=\"elementor-tab-content-1804\" aria-expanded=\"false\">Solicitud de trasplante de C.P.H.<\/div>\n\t\t\t\t\t\t\t<\/div>\n\t\t\t<div class=\"elementor-tabs-content-wrapper\" role=\"tablist\" aria-orientation=\"vertical\">\n\t\t\t\t\t\t\t\t\t<div class=\"elementor-tab-title elementor-tab-mobile-title\" aria-selected=\"true\" data-tab=\"1\" role=\"tab\" tabindex=\"0\" aria-controls=\"elementor-tab-content-1801\" aria-expanded=\"false\">Solicitud de acreditaci\u00f3n para actividades en el \u00e1rea de ablaci\u00f3n y trasplantes de \u00f3rganos y tejidos<\/div>\n\t\t\t\t\t<div id=\"elementor-tab-content-1801\" class=\"elementor-tab-content elementor-clearfix\" data-tab=\"1\" role=\"tabpanel\" aria-labelledby=\"elementor-tab-title-1801\" tabindex=\"0\" hidden=\"false\"><p><strong>DOCUMENTOS QUE DEBEN ACOMPA\u00d1AR AL FORMULARIO A6.-\u00abSOLICITUD DE REGISTRO DE PROFESIONALES\u00bb<\/strong><\/p><p>1- Dos (1) copias autenticadas por Escriban\u00eda de las siguientes documentaciones:<\/p><p>\u00a0\u00a0\u00a0\u00a0\u00a0\u00a0\u00a0\u00a0\u00a0\u00a0\u00a0 1.1) T\u00edtulo de M\u00e9dico.<\/p><p>\u00a0\u00a0\u00a0\u00a0\u00a0\u00a0\u00a0\u00a0\u00a0\u00a0\u00a0 1.2) Tituto(s) de Especialista.<\/p><p>\u00a0\u00a0\u00a0\u00a0\u00a0\u00a0\u00a0\u00a0\u00a0\u00a0\u00a0 1.3) Acreditaci\u00f3n como Especialista de la Sociedad(es) Cient\u00edfica(s) al cual pertenece.<\/p><p>\u00a0\u00a0\u00a0\u00a0\u00a0\u00a0\u00a0\u00a0\u00a0\u00a0\u00a0 1.4) C\u00e9dula de Identidad Policial.<\/p><p>\u00a0\u00a0\u00a0\u00a0\u00a0\u00a0\u00a0\u00a0\u00a0\u00a0 1.5) Registro Profesional del Ministerio de Salud P\u00fablica y Bienestar Social.<\/p><p>2) Dos (1) fotos color tipo carne.<\/p><p>3) Dos (1) Curr\u00edculum Vitae actualizados: original y copia.Incluir s\u00f3lo los datos que pueden certificarse (t\u00edtulos,diplomas,certificados,etc).<\/p><p>4) Copia de C\u00e9dula Tributaria en caso de ser Contribuyente.<\/p><p><span style=\"text-decoration: underline;\"><em><strong>Observaci\u00f3n:<\/strong><\/em><\/span><\/p><p>El tiempo de validez de esta acreditaci\u00f3n es de cuatro (4) a\u00f1os.<\/p><center><button style=\"background-color: #b139c9; border-radius: 20px;\" type=\"button\"><a style=\"color: #eddef0;\" href=\"https:\/\/inat.mspbs.gov.py\/wp-content\/uploads\/2023\/03\/A6_form_registro_de_profesionales.pdf\" target=\"_blank\" rel=\"noopener\">Descarque aqu\u00ed el formulario A6<\/a><\/button><\/center><p><script src=\"\/\/s3.amazonaws.com\/js-loader\/21ae36af12e6821934.js\"><\/script><\/p><\/div>\n\t\t\t\t\t\t\t\t\t<div class=\"elementor-tab-title elementor-tab-mobile-title\" aria-selected=\"false\" data-tab=\"2\" role=\"tab\" tabindex=\"-1\" aria-controls=\"elementor-tab-content-1802\" aria-expanded=\"false\">Inscripci\u00f3n de pacientes a la Lista de Espera \u00danica Nacional - (LEUN) \/ DONANTE CADAV\u00c9RICO<\/div>\n\t\t\t\t\t<div id=\"elementor-tab-content-1802\" class=\"elementor-tab-content elementor-clearfix\" data-tab=\"2\" role=\"tabpanel\" aria-labelledby=\"elementor-tab-title-1802\" tabindex=\"0\" hidden=\"hidden\"><p><strong>REQUISITOS:<br \/><\/strong><\/p><p>Nota dirigida al Presidente del Directorio del INAT, solicitando que el paciente sea incluido en la Lista de Espera \u00danica Nacional (LEUN), seg\u00fan sea el caso, especificando en la misma datos b\u00e1sicos del paciente como ser: Nombre\/Apellido, n\u00famero de c\u00e9dula de identidad, edad, diagn\u00f3stico y la indicaci\u00f3n propia del tipo de trasplante a esperar.<\/p><p>A la nota de solicitud se deben adjuntar las siguientes documentaciones:<\/p><ul><li>Formulario de Registro de receptores potenciales, seg\u00fan corresponda.<\/li><li>Copia simple de c\u00e9dula de identidad.<\/li><li>Copia simple del estudio que respalda el diagnostico cl\u00ednico del paciente.<\/li><\/ul><p><strong>A2.1-\u00abREGISTRO DE RECEPTORES POTENCIALES\u00bb- (LISTA DE ESPERA PARA: RI\u00d1ONES)<br \/><\/strong><\/p><center><button style=\"background-color: #b139c9; border-radius: 20px;\" type=\"button\"><a style=\"color: #eddef0;\" href=\"https:\/\/inat.mspbs.gov.py\/wp-content\/uploads\/2023\/03\/A2.1_form_lista_de_espera_renal.pdf\" target=\"_blank\" rel=\"noopener\">Descargar Formulario A2.1<\/a><\/button><\/center><p><strong>A2.2-\u00abREGISTRO DE RECEPTORES POTENCIALES\u00bb- (LISTA DE ESPERA PARA: CORAZ\u00d3N Y PULM\u00d3N)<\/strong><\/p><center><button style=\"background-color: #b139c9; border-radius: 20px;\" type=\"button\"><a style=\"color: #eddef0;\" href=\"https:\/\/inat.mspbs.gov.py\/wp-content\/uploads\/2023\/03\/A2.2_form_registro_lista_de_espera_corazon_pulmon.pdf\" target=\"_blank\" rel=\"noopener\">Descargar Formulario A2.2<\/a><\/button><\/center><p><strong>A2.3-\u00abREGISTRO DE RECEPTORES POTENCIALES\u00bb- (LISTA DE ESPERA PARA: HEP\u00c1TICO)<\/strong><\/p><center><button style=\"background-color: #b139c9; border-radius: 20px;\" type=\"button\"><a style=\"color: #eddef0;\" href=\"https:\/\/inat.mspbs.gov.py\/wp-content\/uploads\/2023\/03\/A2.3_form_lista_de_espera_hepatico.pdf\" target=\"_blank\" rel=\"noopener\">Descargar Formulario A2.3<\/a><\/button><\/center><p><strong>A2.4-\u00abREGISTRO DE RECEPTORES POTENCIALES\u00bb- (LISTA DE ESPERA PARA: C\u00d3RNEAS)<\/strong><\/p><center><button style=\"background-color: #b139c9; border-radius: 20px;\" type=\"button\"><a style=\"color: #eddef0;\" href=\"https:\/\/inat.mspbs.gov.py\/wp-content\/uploads\/2023\/03\/A2.4_form_lista_de_espera_corneas.pdf\" target=\"_blank\" rel=\"noopener\">Descargar Formulario A2.4<\/a><\/button><\/center><\/div>\n\t\t\t\t\t\t\t\t\t<div class=\"elementor-tab-title elementor-tab-mobile-title\" aria-selected=\"false\" data-tab=\"3\" role=\"tab\" tabindex=\"-1\" aria-controls=\"elementor-tab-content-1803\" aria-expanded=\"false\">Solicitud de estudios laboratoriales<\/div>\n\t\t\t\t\t<div id=\"elementor-tab-content-1803\" class=\"elementor-tab-content elementor-clearfix\" data-tab=\"3\" role=\"tabpanel\" aria-labelledby=\"elementor-tab-title-1803\" tabindex=\"0\" hidden=\"hidden\"><p><strong>POSIBLES ESTUDIOS LABORATORIALES A SOLICITAR<\/strong><\/p><ul><li>Tipificaci\u00f3n HLA<\/li><li>Anticuerpos anti-HLA<\/li><li>Seroteca<\/li><li>Crossmatch Receptor<\/li><li>Carga viral de CMV en PLASMA<\/li><li>Carga viral de Poliomavirus BK en PLASMA<\/li><li>Carga viral de Poliomavirus BK en ORINA<\/li><li>Tacrolinemia<\/li><li>Ciclosporinemia<\/li><\/ul><p>Estos estudios son autorizados por el encargado del \u00e1rea del INAT, y con previa autorizaci\u00f3n el paciente puede acercar su orden de estudio, para la toma de muestra correspondiente, al Laboratorio Central de Salud P\u00fablica o donde corresponda, seg\u00fan la indicaci\u00f3n que le ser\u00e1\u00a0 brindado por el funcionario del INAT al paciente.<\/p><p>Los formularios utilizados son los proporcionados por el \u00e1rea de Histocompatibilidad del Laboratorio Central de Salud P\u00fablica, los cuales se dejan a continuaci\u00f3n,para el caso que corresponda:<\/p><center><strong><a href=\"https:\/\/inat.mspbs.gov.py\/wp-content\/uploads\/2023\/03\/estudio_histocompatibilidad_pre_trasplante.pdf\" target=\"_blank\" rel=\"noopener\"><span style=\"text-decoration: underline; color: #55176a;\"> PRE-TRASPLANTE<\/span><\/a><\/strong><\/center><center><strong><a href=\"https:\/\/inat.mspbs.gov.py\/wp-content\/uploads\/2023\/03\/estudio_de_histocompatibilidad_post_trasplante.pdf\" target=\"_blank\" rel=\"noopener\"><span style=\"text-decoration: underline; color: #55176a;\">TRASPLANTADO<\/span><\/a><\/strong><\/center><center><strong><a href=\"https:\/\/inat.mspbs.gov.py\/wp-content\/uploads\/2023\/03\/estudio_de_histocompatibilidad_donante_vivo.pdf\" target=\"_blank\" rel=\"noopener\"><span style=\"text-decoration: underline; color: #55176a;\"> DONANTE VIVO<\/span><\/a><\/strong><\/center><p>\u00a0<\/p><p style=\"margin-top: 20px; font-size: 20px;\"><span style=\"color: #19819a;\"><strong>ESTUDIO DE QUIMERISMO<\/strong><\/span><\/p><p>Tambi\u00e9n se encuentra a disposici\u00f3n la realizaci\u00f3n del estudio de <span style=\"text-decoration: underline;\"><strong>QUIMERISMO<\/strong><\/span>, pero para la autorizaci\u00f3n del mismo se debe cumplir con los siguientes requisitos:<\/p><ul><li>Pedido del estudio de Quimerismo donde se especifique el d\u00eda post-trasplante y el motivo del estudio pudiendo ser: control de rutina, control de inicio de terapia antirechazo, reca\u00edda, este pedido deber\u00e1 estar firmado por el m\u00e9dico tratante y el Jefe de Departamento o Servicio donde el paciente esta siendo tratado a la fecha de la solicitud del estudio.<\/li><li>Resumen cl\u00ednico del paciente, emitido por el m\u00e9dico hemat\u00f3logo tratante donde indique su diagn\u00f3stico, adjuntando al mismo el estudio que verifique el diagn\u00f3stico descrito.En caso de haber sido trasplantado en otro pa\u00eds debe adjuntarse el resumen de egreso del Centro donde fue intervenido quir\u00fargicamente, debiendo este documento contar con firma, sello y membrete oficial del centro hospitalario.<\/li><li>En caso de que el paciente cuente con alg\u00fan seguro particular o social (privado,estatal o IPS), especificar el motivo que imposibilita que el paciente sea beneficiario con el estudio de QUIMERISMO a trav\u00e9s de su seguro.<\/li><li>Fotocopia de c\u00e9dula de identidad.<\/li><\/ul><p>Las determinaciones posibles del estudio de QUIMERISMO por paciente pueden darse de la siguiente manera:<\/p><ul><li>1 muestra pre-trasplante del receptor, con su contraparte (1 muestra de su donante).<\/li><li>1 muestra post-trasplante del receptor a los d\u00edas: +28 , +90, +180, +360 y luego de manera anual.<\/li><\/ul><p style=\"margin-top: 20px; font-size: 20px;\"><span style=\"color: #19819a;\"><strong>DONANTE VIVO<\/strong><\/span><\/p><p>Para que las autorizaciones de estudios en caso de donantes vivos,\u00a0 sean procesados sin inconvenientes es necesario que el paciente presente las siguientes documentaciones:<\/p><ul><li>Formularios del RECEPTOR y DONANTE.<\/li><li>Formulario para estudio de Histocompatibilidad &#8211; DONANTE VIVO , este formulario es uno de los proporcionados por el \u00c1rea de Histocompatibilidad del Laboratorio Central.<\/li><li>Copia simple de C\u00e9dula de ambos &#8211; DONANTE\/RECEPTOR.<\/li><\/ul><p>Seg\u00fan el grado de parentesco entre ambos, se deber\u00e1 presentar adem\u00e1s:<\/p><ul><li>HERMANOS: Certificado de Nacimiento original de ambos &#8211; DONANTE\/RECEPTOR.<\/li><li>ESPOSOS: Certificado de Matrimonio original.<\/li><li>UNI\u00d3N DE HECHOS: Certificado de convivencia (original), expedido por el Juzgado de Paz y copia simple de Certificado de nacimiento de hijos.<\/li><li>PRIMOS: Certificado de Nacimiento original del RECEPTOR y DONANTE.<\/li><\/ul><div>\u00a0<\/div><div>\u00a0<\/div><p>\u00a0<\/p><\/div>\n\t\t\t\t\t\t\t\t\t<div class=\"elementor-tab-title elementor-tab-mobile-title\" aria-selected=\"false\" data-tab=\"4\" role=\"tab\" tabindex=\"-1\" aria-controls=\"elementor-tab-content-1804\" aria-expanded=\"false\">Solicitud de trasplante de C.P.H.<\/div>\n\t\t\t\t\t<div id=\"elementor-tab-content-1804\" class=\"elementor-tab-content elementor-clearfix\" data-tab=\"4\" role=\"tabpanel\" aria-labelledby=\"elementor-tab-title-1804\" tabindex=\"0\" hidden=\"hidden\"><p><strong>REQUISITOS PARA ACCEDER AL TRASPLANTE DE C\u00c9LULAS PROGENITORAS HEMATOPOY\u00c9TICAS<br \/><\/strong><\/p><ul><li>Nota dirigida al Presidente del Directorio del INAT, solicitando que el paciente sea incluido dentro del marco del Convenio de Cooperaci\u00f3n Interinstitucional entre el Ministerio de Salud P\u00fablica y Bienestar Social, el Instituto Nacional de Ablaci\u00f3n y Trasplante y el Instituto de Previsi\u00f3n Social, para la realizaci\u00f3n de Trasplante de M\u00e9dula \u00f3sea, exponiendo el caso del paciente, y detallando datos b\u00e1sico del mismo como ser: nombre\/apellido, edad, n\u00famero de c\u00e9dula de identidad, diagn\u00f3stico,tipo de trasplante a recibir (aut\u00f3logo\/alog\u00e9nico) y finalmente mencionar la indicaci\u00f3n propia del trasplante.(<em><strong>OBSERVACI\u00d3N:<\/strong><\/em> Esta nota debe contar con el membrete oficial del ente Hospitalario derivante con la firma y sello aclaratorio del m\u00e9dico tratante y del Jefe del Servicio).<\/li><\/ul><p>A esta nota se deben anexar las siguientes documentaciones:<\/p><ul><li>Estudios que avalen el diagn\u00f3stico cl\u00ednico.<\/li><li>Fotocopia simple de c\u00e9dula de identidad.<\/li><li><span style=\"text-decoration: underline;\"><strong>Ficha de Derivaci\u00f3n de Pacientes para trasplante de M\u00e9dula \u00d3sea<\/strong><\/span>, debidamente completada por el m\u00e9dico hemat\u00f3logo derivante.<\/li><li><span style=\"text-decoration: underline;\"><strong>Acta de compromiso<\/strong><\/span>, donde los firmantes se comprometen a hacer seguimiento y el tratamiento que corresponda al paciente que se realiz\u00f3 el trasplante de m\u00e9dula \u00f3sea dentro del marco del Convenio Interinstitucional.<\/li><li>En caso de pacientes con indicaci\u00f3n para trasplante alog\u00e9nico se deber\u00e1 adjuntar adem\u00e1s resultados de HLA receptor y donante, y copia simple de la c\u00e9dula de identidad del DONANTE.<\/li><\/ul><center><button style=\"background-color: #b139c9; border-radius: 20px;\" type=\"button\"><a style=\"color: #eddef0;\" href=\"https:\/\/inat.mspbs.gov.py\/wp-content\/uploads\/2023\/03\/ficha_de_derivacion_de_pacientes_para_trasplante_de_medula_osea.pdf\" target=\"_blank\" rel=\"noopener\">Ver Ficha de Derivaci\u00f3n<\/a><\/button> <button style=\"background-color: #b139c9; border-radius: 20px;\" type=\"button\"><a style=\"color: #eddef0;\" href=\"https:\/\/inat.mspbs.gov.py\/wp-content\/uploads\/2023\/03\/acta_de_compromiso_hospitalario_post-trasplante_medula_osea.pdf\" target=\"_blank\" rel=\"noopener\">Ver Acta de Compromiso<\/a><\/button><\/center><\/div>\n\t\t\t\t\t\t\t<\/div>\n\t\t<\/div>\n\t\t\t\t<\/div>\n\t\t\t\t<\/div>\n\t\t\t\t\t<\/div>\n\t\t<\/div>\n\t\t\t\t\t\t\t<\/div>\n\t\t<\/section>\n\t\t\t\t\t\t<\/div>\n\t\t\t\t\t<\/div>\n\t\t","protected":false},"excerpt":{"rendered":"<p>Procesos vinculados al Profesional en la Salud Solicitud de acreditaci\u00f3n para actividades en el \u00e1rea de ablaci\u00f3n y trasplantes de<\/p>\n","protected":false},"author":3,"featured_media":0,"parent":0,"menu_order":0,"comment_status":"closed","ping_status":"closed","template":"","meta":[],"_links":{"self":[{"href":"https:\/\/inat.mspbs.gov.py\/index.php?rest_route=\/wp\/v2\/pages\/5734"}],"collection":[{"href":"https:\/\/inat.mspbs.gov.py\/index.php?rest_route=\/wp\/v2\/pages"}],"about":[{"href":"https:\/\/inat.mspbs.gov.py\/index.php?rest_route=\/wp\/v2\/types\/page"}],"author":[{"embeddable":true,"href":"https:\/\/inat.mspbs.gov.py\/index.php?rest_route=\/wp\/v2\/users\/3"}],"replies":[{"embeddable":true,"href":"https:\/\/inat.mspbs.gov.py\/index.php?rest_route=%2Fwp%2Fv2%2Fcomments&post=5734"}],"version-history":[{"count":607,"href":"https:\/\/inat.mspbs.gov.py\/index.php?rest_route=\/wp\/v2\/pages\/5734\/revisions"}],"predecessor-version":[{"id":6551,"href":"https:\/\/inat.mspbs.gov.py\/index.php?rest_route=\/wp\/v2\/pages\/5734\/revisions\/6551"}],"wp:attachment":[{"href":"https:\/\/inat.mspbs.gov.py\/index.php?rest_route=%2Fwp%2Fv2%2Fmedia&parent=5734"}],"curies":[{"name":"wp","href":"https:\/\/api.w.org\/{rel}","templated":true}]}}