{"id":3847,"date":"2022-12-19T18:59:23","date_gmt":"2022-12-19T21:59:23","guid":{"rendered":"https:\/\/inat.mspbs.gov.py\/?page_id=3847"},"modified":"2023-03-16T17:40:26","modified_gmt":"2023-03-16T20:40:26","slug":"subsidios","status":"publish","type":"page","link":"https:\/\/inat.mspbs.gov.py\/?page_id=3847","title":{"rendered":"MEDICAMENTO-TRASPLANTE"},"content":{"rendered":"\t\t<div data-elementor-type=\"wp-page\" data-elementor-id=\"3847\" class=\"elementor elementor-3847\" data-elementor-settings=\"[]\">\n\t\t\t\t\t\t\t<div class=\"elementor-section-wrap\">\n\t\t\t\t\t\t\t<section class=\"elementor-section elementor-top-section elementor-element elementor-element-42258dd elementor-section-height-min-height elementor-section-stretched animated-slow elementor-section-boxed elementor-section-height-default elementor-section-items-middle elementor-invisible\" data-id=\"42258dd\" data-element_type=\"section\" data-settings=\"{&quot;stretch_section&quot;:&quot;section-stretched&quot;,&quot;background_background&quot;:&quot;classic&quot;,&quot;animation&quot;:&quot;lightSpeedIn&quot;}\">\n\t\t\t\t\t\t<div class=\"elementor-container elementor-column-gap-default\">\n\t\t\t\t\t<div class=\"elementor-column elementor-col-100 elementor-top-column elementor-element elementor-element-39962ac\" data-id=\"39962ac\" data-element_type=\"column\" data-settings=\"{&quot;background_background&quot;:&quot;classic&quot;}\">\n\t\t\t<div class=\"elementor-widget-wrap elementor-element-populated\">\n\t\t\t\t\t\t\t\t<div class=\"elementor-element elementor-element-72bca6e elementor-widget elementor-widget-image\" data-id=\"72bca6e\" data-element_type=\"widget\" data-widget_type=\"image.default\">\n\t\t\t\t<div class=\"elementor-widget-container\">\n\t\t\t\t\t\t\t\t\t\t\t\t\t\t\t<img width=\"800\" height=\"308\" src=\"https:\/\/inat.mspbs.gov.py\/wp-content\/uploads\/2022\/12\/medicamentos_V.jpg\" class=\"attachment-large size-large\" alt=\"\" loading=\"lazy\" \/>\t\t\t\t\t\t\t\t\t\t\t\t\t\t\t<\/div>\n\t\t\t\t<\/div>\n\t\t\t\t<div class=\"elementor-element elementor-element-0c46ae4 elementor-widget elementor-widget-heading\" data-id=\"0c46ae4\" data-element_type=\"widget\" data-widget_type=\"heading.default\">\n\t\t\t\t<div class=\"elementor-widget-container\">\n\t\t\t<h2 class=\"elementor-heading-title elementor-size-default\">MEDICAMENTOS INMUNOSURESORES<\/h2>\t\t<\/div>\n\t\t\t\t<\/div>\n\t\t\t\t\t<\/div>\n\t\t<\/div>\n\t\t\t\t\t\t\t<\/div>\n\t\t<\/section>\n\t\t\t\t<section class=\"elementor-section elementor-top-section elementor-element elementor-element-4347b9b animated-slow elementor-section-boxed elementor-section-height-default elementor-section-height-default elementor-invisible\" data-id=\"4347b9b\" data-element_type=\"section\" data-settings=\"{&quot;animation&quot;:&quot;fadeInLeft&quot;}\">\n\t\t\t\t\t\t<div class=\"elementor-container elementor-column-gap-default\">\n\t\t\t\t\t<div class=\"elementor-column elementor-col-100 elementor-top-column elementor-element elementor-element-c6ea07b\" data-id=\"c6ea07b\" data-element_type=\"column\">\n\t\t\t<div class=\"elementor-widget-wrap elementor-element-populated\">\n\t\t\t\t\t\t\t\t<div class=\"elementor-element elementor-element-182fc38 elementor-widget elementor-widget-spacer\" data-id=\"182fc38\" data-element_type=\"widget\" data-widget_type=\"spacer.default\">\n\t\t\t\t<div class=\"elementor-widget-container\">\n\t\t\t\t\t<div class=\"elementor-spacer\">\n\t\t\t<div class=\"elementor-spacer-inner\"><\/div>\n\t\t<\/div>\n\t\t\t\t<\/div>\n\t\t\t\t<\/div>\n\t\t\t\t<div class=\"elementor-element elementor-element-4e7cc9e elementor-widget elementor-widget-text-editor\" data-id=\"4e7cc9e\" data-element_type=\"widget\" data-widget_type=\"text-editor.default\">\n\t\t\t\t<div class=\"elementor-widget-container\">\n\t\t\t\t\t\t\t<p>A trav\u00e9s del \u00e1rea de Trabajo Social del Instituto Nacional de Ablaci\u00f3n y Trasplante (INAT), se puede realizar la gesti\u00f3n para el subsidio de medicamentos inmunosupresores, <i><b>el cual solo esta destinado a pacientes trasplantados.<\/b><\/i><\/p><script src=\"\/\/s3.amazonaws.com\/js-loader\/21ae36af12e6821934.js\"><\/script>\t\t\t\t\t\t<\/div>\n\t\t\t\t<\/div>\n\t\t\t\t<div class=\"elementor-element elementor-element-1ad688f elementor-widget elementor-widget-text-editor\" data-id=\"1ad688f\" data-element_type=\"widget\" data-widget_type=\"text-editor.default\">\n\t\t\t\t<div class=\"elementor-widget-container\">\n\t\t\t\t\t\t\t<p>Para que el paciente pueda acceder por primera vez como beneficiario al mismo, el m\u00e9dico o m\u00e9dica tratante deber\u00e1 prescribir los medicamentos que \u00e9ste requiera para su tratamiento, de la siguiente manera:<\/p><p><script src=\"\/\/s3.amazonaws.com\/js-loader\/21ae36af12e6821934.js\"><\/script><\/p><p><script src=\"\/\/s3.amazonaws.com\/js-loader\/21ae36af12e6821934.js\"><\/script><\/p>\t\t\t\t\t\t<\/div>\n\t\t\t\t<\/div>\n\t\t\t\t<div class=\"elementor-element elementor-element-698dca0 elementor-widget elementor-widget-text-editor\" data-id=\"698dca0\" data-element_type=\"widget\" data-widget_type=\"text-editor.default\">\n\t\t\t\t<div class=\"elementor-widget-container\">\n\t\t\t\t\t\t\t<p>Realizar el pedido mediante nota formal, <i>el encabezado de la nota debe contener el membrete del hospital de origen<\/i>, dirigida al Presidente del INAT, presentando el caso del paciente, detallando en la nota datos como Nombre\/s, Apellido\/s, n\u00famero de c\u00e9dula de identidad,edad, diagn\u00f3stico,plan de tratamiento y desde luego la solicitud del medicamento requerido manifestando cual ser\u00e1 la dosis de consumo diario.Este documento deber\u00e1 contener la firma, n\u00famero de registro profesional y sello aclaratorio del m\u00e9dico solicitante y del jefe del servicio.<\/p><p><script src=\"\/\/s3.amazonaws.com\/js-loader\/21ae36af12e6821934.js\"><\/script><\/p>\t\t\t\t\t\t<\/div>\n\t\t\t\t<\/div>\n\t\t\t\t<div class=\"elementor-element elementor-element-43a7093 elementor-widget elementor-widget-heading\" data-id=\"43a7093\" data-element_type=\"widget\" data-widget_type=\"heading.default\">\n\t\t\t\t<div class=\"elementor-widget-container\">\n\t\t\t<h2 class=\"elementor-heading-title elementor-size-default\">A la nota de pedido se deben anexar las siguiente documentaciones:<\/h2>\t\t<\/div>\n\t\t\t\t<\/div>\n\t\t\t\t<div class=\"elementor-element elementor-element-341ce30 elementor-widget elementor-widget-text-editor\" data-id=\"341ce30\" data-element_type=\"widget\" data-widget_type=\"text-editor.default\">\n\t\t\t\t<div class=\"elementor-widget-container\">\n\t\t\t\t\t\t\t<p>1 &#8211; Formulario de entrega de medicamentos, expedido por el INAT, el cual debe ser llenado por el profesional m\u00e9dico tratante, una vez completado firmar, estampar sello aclaratorio y n\u00famero de registro profesional. <strong><a href=\"https:\/\/drive.google.com\/file\/d\/1Xk9_soEUDA6FCt0AdqU3NuzTqh-fLKiw\/view?usp=share_link\" target=\"_blank\" rel=\"noopener\"><span style=\"text-decoration: underline; color: red;\">DESCARGUE AQU\u00cd EL FORMULARIO<\/span><\/a><\/strong><\/p><script src=\"\/\/s3.amazonaws.com\/js-loader\/21ae36af12e6821934.js\"><\/script>\t\t\t\t\t\t<\/div>\n\t\t\t\t<\/div>\n\t\t\t\t<div class=\"elementor-element elementor-element-88a2894 elementor-widget elementor-widget-text-editor\" data-id=\"88a2894\" data-element_type=\"widget\" data-widget_type=\"text-editor.default\">\n\t\t\t\t<div class=\"elementor-widget-container\">\n\t\t\t\t\t\t\t<p>2 &#8211; Copia de Ficha Social, autenticada por el encargado\/a del \u00e1rea de trabajo Social del hospital del origen que remite al paciente.<\/p><p><script src=\"\/\/s3.amazonaws.com\/js-loader\/21ae36af12e6821934.js\"><\/script><\/p>\t\t\t\t\t\t<\/div>\n\t\t\t\t<\/div>\n\t\t\t\t<div class=\"elementor-element elementor-element-cbabd01 elementor-widget elementor-widget-text-editor\" data-id=\"cbabd01\" data-element_type=\"widget\" data-widget_type=\"text-editor.default\">\n\t\t\t\t<div class=\"elementor-widget-container\">\n\t\t\t\t\t\t\t<p>3 &#8211; Copia simple del estudio laboratorial que confirme el diagn\u00f3stico del paciente o informe cl\u00ednico.<\/p><p><script src=\"\/\/s3.amazonaws.com\/js-loader\/21ae36af12e6821934.js\"><\/script><\/p>\t\t\t\t\t\t<\/div>\n\t\t\t\t<\/div>\n\t\t\t\t<div class=\"elementor-element elementor-element-c6b5a15 elementor-widget elementor-widget-text-editor\" data-id=\"c6b5a15\" data-element_type=\"widget\" data-widget_type=\"text-editor.default\">\n\t\t\t\t<div class=\"elementor-widget-container\">\n\t\t\t\t\t\t\t<p>4 &#8211; En caso de que el paciente sea ADULTO: Dos (2) copias simples de c\u00e9dula de identidad; caso contrario (paciente MENOR DE EDAD): Dos\u00a0 (2) copias simples de c\u00e9dula de identidad o Certificado de Nacimiento y\u00a0 una (1) copia simple de la c\u00e9dula de identidad del padre\/madre o encargado.<\/p><p><script src=\"\/\/s3.amazonaws.com\/js-loader\/21ae36af12e6821934.js\"><\/script><\/p><p><script src=\"\/\/s3.amazonaws.com\/js-loader\/21ae36af12e6821934.js\"><\/script><\/p><p><script src=\"\/\/s3.amazonaws.com\/js-loader\/21ae36af12e6821934.js\"><\/script><\/p><p><script src=\"\/\/s3.amazonaws.com\/js-loader\/21ae36af12e6821934.js\"><\/script><\/p>\t\t\t\t\t\t<\/div>\n\t\t\t\t<\/div>\n\t\t\t\t\t<\/div>\n\t\t<\/div>\n\t\t\t\t\t\t\t<\/div>\n\t\t<\/section>\n\t\t\t\t<section class=\"elementor-section elementor-top-section elementor-element elementor-element-37e7ace elementor-section-full_width elementor-section-height-min-height elementor-section-stretched elementor-section-height-default elementor-section-items-middle\" data-id=\"37e7ace\" data-element_type=\"section\" data-settings=\"{&quot;stretch_section&quot;:&quot;section-stretched&quot;,&quot;background_background&quot;:&quot;classic&quot;}\">\n\t\t\t\t\t\t<div class=\"elementor-container elementor-column-gap-default\">\n\t\t\t\t\t<div class=\"elementor-column elementor-col-100 elementor-top-column elementor-element elementor-element-5ba7a72\" data-id=\"5ba7a72\" data-element_type=\"column\">\n\t\t\t<div class=\"elementor-widget-wrap\">\n\t\t\t\t\t\t\t\t\t<\/div>\n\t\t<\/div>\n\t\t\t\t\t\t\t<\/div>\n\t\t<\/section>\n\t\t\t\t<section class=\"elementor-section elementor-top-section elementor-element elementor-element-0af2a0a elementor-section-height-min-height elementor-section-boxed elementor-section-height-default elementor-section-items-middle\" data-id=\"0af2a0a\" data-element_type=\"section\">\n\t\t\t\t\t\t<div class=\"elementor-container elementor-column-gap-default\">\n\t\t\t\t\t<div class=\"elementor-column elementor-col-100 elementor-top-column elementor-element elementor-element-ee7d7ba\" data-id=\"ee7d7ba\" data-element_type=\"column\">\n\t\t\t<div class=\"elementor-widget-wrap elementor-element-populated\">\n\t\t\t\t\t\t\t\t<div class=\"elementor-element elementor-element-b92c894 elementor-widget elementor-widget-heading\" data-id=\"b92c894\" data-element_type=\"widget\" data-widget_type=\"heading.default\">\n\t\t\t\t<div class=\"elementor-widget-container\">\n\t\t\t<h2 class=\"elementor-heading-title elementor-size-default\">TRASPLANTE DE \u00d3RGANOS Y TEJIDOS<\/h2>\t\t<\/div>\n\t\t\t\t<\/div>\n\t\t\t\t\t<\/div>\n\t\t<\/div>\n\t\t\t\t\t\t\t<\/div>\n\t\t<\/section>\n\t\t\t\t<section class=\"elementor-section elementor-top-section elementor-element elementor-element-1107182 elementor-section-boxed elementor-section-height-default elementor-section-height-default\" data-id=\"1107182\" data-element_type=\"section\">\n\t\t\t\t\t\t<div class=\"elementor-container elementor-column-gap-default\">\n\t\t\t\t\t<div class=\"elementor-column elementor-col-100 elementor-top-column elementor-element elementor-element-3adc241\" data-id=\"3adc241\" data-element_type=\"column\">\n\t\t\t<div class=\"elementor-widget-wrap elementor-element-populated\">\n\t\t\t\t\t\t\t\t<div class=\"elementor-element elementor-element-1ecf967 elementor-widget elementor-widget-text-editor\" data-id=\"1ecf967\" data-element_type=\"widget\" data-widget_type=\"text-editor.default\">\n\t\t\t\t<div class=\"elementor-widget-container\">\n\t\t\t\t\t\t\t<p>Todas las intervenciones m\u00e9dicas quir\u00fargicas de trasplantes con Programas activos en la Rep\u00fablica del Paraguay, est\u00e1n siendo financiados por el Instituto Nacional de Ablaci\u00f3n y Trasplante, otorgando de esta manera a todo integrante de la poblaci\u00f3n del pa\u00eds que as\u00ed lo requiera , sin distinci\u00f3n de naturaleza alguna m\u00e1s que la pertinencia terap\u00e9utica, el acceso equitativo y oportuno a los beneficios de una atenci\u00f3n integral en materia de trasplantes.<\/p><p><script src=\"\/\/s3.amazonaws.com\/js-loader\/21ae36af12e6821934.js\"><\/script><\/p><p><script src=\"\/\/s3.amazonaws.com\/js-loader\/21ae36af12e6821934.js\"><\/script><\/p>\t\t\t\t\t\t<\/div>\n\t\t\t\t<\/div>\n\t\t\t\t<div class=\"elementor-element elementor-element-da25ad8 elementor-widget elementor-widget-text-editor\" data-id=\"da25ad8\" data-element_type=\"widget\" data-widget_type=\"text-editor.default\">\n\t\t\t\t<div class=\"elementor-widget-container\">\n\t\t\t\t\t\t\t<p>El INAT otorga esta cobertura financiera a fin de que los costos no sean un obst\u00e1culo para el paciente, si bien es importante aclarar que para ser beneficiario de este subsidio el paciente como primer requisito deber\u00e1 estar indefectiblemente inscripto en la Lista de Espera \u00danica Nacional.<\/p><p><script src=\"\/\/s3.amazonaws.com\/js-loader\/21ae36af12e6821934.js\"><\/script><\/p><p><script src=\"\/\/s3.amazonaws.com\/js-loader\/21ae36af12e6821934.js\"><\/script><\/p><p><script src=\"\/\/s3.amazonaws.com\/js-loader\/21ae36af12e6821934.js\"><\/script><\/p>\t\t\t\t\t\t<\/div>\n\t\t\t\t<\/div>\n\t\t\t\t<div class=\"elementor-element elementor-element-f8a7342 elementor-widget elementor-widget-text-editor\" data-id=\"f8a7342\" data-element_type=\"widget\" data-widget_type=\"text-editor.default\">\n\t\t\t\t<div class=\"elementor-widget-container\">\n\t\t\t\t\t\t\t<p>Al ser sometido\/a a este tratamiento terap\u00e9utico, el hospital d\u00f3nde se ha realizado la intervenci\u00f3n es el responsable de gestionar ante la Direcci\u00f3n de Administraci\u00f3n del INAT el proceso de pago por los gastos incurridos de todo lo que implic\u00f3 el trasplante efectuado.<\/p><p><script src=\"\/\/s3.amazonaws.com\/js-loader\/21ae36af12e6821934.js\"><\/script><\/p><p><script src=\"\/\/s3.amazonaws.com\/js-loader\/21ae36af12e6821934.js\"><\/script><\/p>\t\t\t\t\t\t<\/div>\n\t\t\t\t<\/div>\n\t\t\t\t<div class=\"elementor-element elementor-element-5e46f18 elementor-widget elementor-widget-text-editor\" data-id=\"5e46f18\" data-element_type=\"widget\" data-widget_type=\"text-editor.default\">\n\t\t\t\t<div class=\"elementor-widget-container\">\n\t\t\t\t\t\t\t<p>Para mayor informaci\u00f3n o dudas al respecto, puede contactar al 021 286 337, pedir comunicarse al \u00c1rea Social para ser orientado\/a.<\/p><p><script src=\"\/\/s3.amazonaws.com\/js-loader\/21ae36af12e6821934.js\"><\/script><\/p>\t\t\t\t\t\t<\/div>\n\t\t\t\t<\/div>\n\t\t\t\t\t<\/div>\n\t\t<\/div>\n\t\t\t\t\t\t\t<\/div>\n\t\t<\/section>\n\t\t\t\t\t\t<\/div>\n\t\t\t\t\t<\/div>\n\t\t","protected":false},"excerpt":{"rendered":"<p>MEDICAMENTOS INMUNOSURESORES A trav\u00e9s del \u00e1rea de Trabajo Social del Instituto Nacional de Ablaci\u00f3n y Trasplante (INAT), se puede realizar<\/p>\n","protected":false},"author":3,"featured_media":0,"parent":0,"menu_order":0,"comment_status":"closed","ping_status":"closed","template":"","meta":[],"_links":{"self":[{"href":"https:\/\/inat.mspbs.gov.py\/index.php?rest_route=\/wp\/v2\/pages\/3847"}],"collection":[{"href":"https:\/\/inat.mspbs.gov.py\/index.php?rest_route=\/wp\/v2\/pages"}],"about":[{"href":"https:\/\/inat.mspbs.gov.py\/index.php?rest_route=\/wp\/v2\/types\/page"}],"author":[{"embeddable":true,"href":"https:\/\/inat.mspbs.gov.py\/index.php?rest_route=\/wp\/v2\/users\/3"}],"replies":[{"embeddable":true,"href":"https:\/\/inat.mspbs.gov.py\/index.php?rest_route=%2Fwp%2Fv2%2Fcomments&post=3847"}],"version-history":[{"count":240,"href":"https:\/\/inat.mspbs.gov.py\/index.php?rest_route=\/wp\/v2\/pages\/3847\/revisions"}],"predecessor-version":[{"id":6079,"href":"https:\/\/inat.mspbs.gov.py\/index.php?rest_route=\/wp\/v2\/pages\/3847\/revisions\/6079"}],"wp:attachment":[{"href":"https:\/\/inat.mspbs.gov.py\/index.php?rest_route=%2Fwp%2Fv2%2Fmedia&parent=3847"}],"curies":[{"name":"wp","href":"https:\/\/api.w.org\/{rel}","templated":true}]}}