{"id":3212,"date":"2022-12-12T03:01:43","date_gmt":"2022-12-12T06:01:43","guid":{"rendered":"https:\/\/inat.mspbs.gov.py\/?page_id=3212"},"modified":"2023-10-03T18:36:14","modified_gmt":"2023-10-03T21:36:14","slug":"que-es-el-carnet-de-donante","status":"publish","type":"page","link":"https:\/\/inat.mspbs.gov.py\/?page_id=3212","title":{"rendered":"\u00bfQU\u00c9 ES EL CARNET DE DONANTE?"},"content":{"rendered":"\t\t<div data-elementor-type=\"wp-page\" data-elementor-id=\"3212\" class=\"elementor elementor-3212\" data-elementor-settings=\"[]\">\n\t\t\t\t\t\t\t<div class=\"elementor-section-wrap\">\n\t\t\t\t\t\t\t<section class=\"elementor-section elementor-top-section elementor-element elementor-element-cc9e45e elementor-section-boxed elementor-section-height-default elementor-section-height-default\" data-id=\"cc9e45e\" data-element_type=\"section\">\n\t\t\t\t\t\t<div class=\"elementor-container elementor-column-gap-default\">\n\t\t\t\t\t<div class=\"elementor-column elementor-col-50 elementor-top-column elementor-element elementor-element-e19fb1c\" data-id=\"e19fb1c\" data-element_type=\"column\">\n\t\t\t<div class=\"elementor-widget-wrap elementor-element-populated\">\n\t\t\t\t\t\t\t\t<div class=\"elementor-element elementor-element-1e1062f elementor-widget elementor-widget-image\" data-id=\"1e1062f\" data-element_type=\"widget\" data-widget_type=\"image.default\">\n\t\t\t\t<div class=\"elementor-widget-container\">\n\t\t\t\t\t\t\t\t\t\t\t\t\t\t\t<img width=\"549\" height=\"355\" src=\"https:\/\/inat.mspbs.gov.py\/wp-content\/uploads\/2023\/10\/carnet_logo_mod_2.png\" class=\"attachment-large size-large\" alt=\"\" loading=\"lazy\" \/>\t\t\t\t\t\t\t\t\t\t\t\t\t\t\t<\/div>\n\t\t\t\t<\/div>\n\t\t\t\t\t<\/div>\n\t\t<\/div>\n\t\t\t\t<div class=\"elementor-column elementor-col-50 elementor-top-column elementor-element elementor-element-9bed816\" data-id=\"9bed816\" data-element_type=\"column\">\n\t\t\t<div class=\"elementor-widget-wrap elementor-element-populated\">\n\t\t\t\t\t\t\t\t<div class=\"elementor-element elementor-element-da2672d elementor-widget elementor-widget-heading\" data-id=\"da2672d\" data-element_type=\"widget\" data-widget_type=\"heading.default\">\n\t\t\t\t<div class=\"elementor-widget-container\">\n\t\t\t<h2 class=\"elementor-heading-title elementor-size-default\">\u00bfQu\u00e9 es el carnet de Donante?<\/h2>\t\t<\/div>\n\t\t\t\t<\/div>\n\t\t\t\t<div class=\"elementor-element elementor-element-7080611 elementor-widget elementor-widget-text-editor\" data-id=\"7080611\" data-element_type=\"widget\" data-widget_type=\"text-editor.default\">\n\t\t\t\t<div class=\"elementor-widget-container\">\n\t\t\t\t\t\t\t<p>La tarjeta de donante de \u00f3rganos y tejidos tiene un valor exclusivamente testimonial. Su utilidad radica en facilitar al ciudadano que as\u00ed lo solicite la posibilidad de dejar expresa en vida su voluntad altruista en relaci\u00f3n a la donaci\u00f3n. No lleva impl\u00edcito ning\u00fan compromiso legal por parte del titular.<\/p><p><script src=\"\/\/s3.amazonaws.com\/js-loader\/21ae36af12e6821934.js\"><\/script><\/p>\t\t\t\t\t\t<\/div>\n\t\t\t\t<\/div>\n\t\t\t\t<div class=\"elementor-element elementor-element-b270856 elementor-widget elementor-widget-text-editor\" data-id=\"b270856\" data-element_type=\"widget\" data-widget_type=\"text-editor.default\">\n\t\t\t\t<div class=\"elementor-widget-container\">\n\t\t\t\t\t\t\t<p>Esta decisi\u00f3n puede ser revocada en cualquier momento por parte del titular, para ello debe comunicarse al Instituto Nacional de Ablaci\u00f3n y Trasplante mediante el medio que crea oportuno y la Instituci\u00f3n realizara las actualizaciones correspondientes.<\/p>\t\t\t\t\t\t<\/div>\n\t\t\t\t<\/div>\n\t\t\t\t\t<\/div>\n\t\t<\/div>\n\t\t\t\t\t\t\t<\/div>\n\t\t<\/section>\n\t\t\t\t<section class=\"elementor-section elementor-top-section elementor-element elementor-element-df81f61 elementor-section-boxed elementor-section-height-default elementor-section-height-default\" data-id=\"df81f61\" data-element_type=\"section\">\n\t\t\t\t\t\t<div class=\"elementor-container elementor-column-gap-default\">\n\t\t\t\t\t<div class=\"elementor-column elementor-col-100 elementor-top-column elementor-element elementor-element-7b5f534\" data-id=\"7b5f534\" data-element_type=\"column\">\n\t\t\t<div class=\"elementor-widget-wrap elementor-element-populated\">\n\t\t\t\t\t\t\t\t<div class=\"elementor-element elementor-element-dee313f elementor-widget elementor-widget-heading\" data-id=\"dee313f\" data-element_type=\"widget\" data-widget_type=\"heading.default\">\n\t\t\t\t<div class=\"elementor-widget-container\">\n\t\t\t<h2 class=\"elementor-heading-title elementor-size-default\">\u00bfCu\u00e1les son sus caracter\u00edsticas?<\/h2>\t\t<\/div>\n\t\t\t\t<\/div>\n\t\t\t\t<div class=\"elementor-element elementor-element-0024d47 elementor-widget elementor-widget-text-editor\" data-id=\"0024d47\" data-element_type=\"widget\" data-widget_type=\"text-editor.default\">\n\t\t\t\t<div class=\"elementor-widget-container\">\n\t\t\t\t\t\t\t<p>La tarjeta de donante es autorrellenable. Se puede personalizar escribiendo nombre y apellidos en la banda de identificaci\u00f3n . Y el titular puede refrendar su voluntad mediante su firma en el espacio reservado a tal fin.<\/p>\t\t\t\t\t\t<\/div>\n\t\t\t\t<\/div>\n\t\t\t\t<div class=\"elementor-element elementor-element-4b8ee53 elementor-widget elementor-widget-text-editor\" data-id=\"4b8ee53\" data-element_type=\"widget\" data-widget_type=\"text-editor.default\">\n\t\t\t\t<div class=\"elementor-widget-container\">\n\t\t\t\t\t\t\t<p>La tarjeta de donante es gen\u00e9rica. Permite expresar la voluntad de donaci\u00f3n de aquellos \u00f3rganos o tejidos que sean v\u00e1lidos para trasplante tras el fallecimiento. Sin embargo, si su titular desea realizar alguna especificaci\u00f3n, es posible realizarla en la banda reservada para la firma.<\/p>\t\t\t\t\t\t<\/div>\n\t\t\t\t<\/div>\n\t\t\t\t\t<\/div>\n\t\t<\/div>\n\t\t\t\t\t\t\t<\/div>\n\t\t<\/section>\n\t\t\t\t<section class=\"elementor-section elementor-top-section elementor-element elementor-element-4727827 elementor-section-boxed elementor-section-height-default elementor-section-height-default\" data-id=\"4727827\" data-element_type=\"section\">\n\t\t\t\t\t\t<div class=\"elementor-container elementor-column-gap-default\">\n\t\t\t\t\t<div class=\"elementor-column elementor-col-100 elementor-top-column elementor-element elementor-element-e64f566\" data-id=\"e64f566\" data-element_type=\"column\">\n\t\t\t<div class=\"elementor-widget-wrap elementor-element-populated\">\n\t\t\t\t\t\t\t\t<div class=\"elementor-element elementor-element-19dbda3 elementor-widget elementor-widget-heading\" data-id=\"19dbda3\" data-element_type=\"widget\" data-widget_type=\"heading.default\">\n\t\t\t\t<div class=\"elementor-widget-container\">\n\t\t\t<h2 class=\"elementor-heading-title elementor-size-default\">\u00bfD\u00f3nde conseguirla?<\/h2>\t\t<\/div>\n\t\t\t\t<\/div>\n\t\t\t\t<div class=\"elementor-element elementor-element-ed17e13 elementor-widget elementor-widget-text-editor\" data-id=\"ed17e13\" data-element_type=\"widget\" data-widget_type=\"text-editor.default\">\n\t\t\t\t<div class=\"elementor-widget-container\">\n\t\t\t\t\t\t\t<p>Una vez inscrito puede acceder a su carnet digital mediante el siguiente enlace <strong><a href=\"https:\/\/inatsys.mspbs.gov.py\/carnet.php\" target=\"_blank\" rel=\"noopener\"><span style=\"text-decoration: underline; color: red;\">aqu\u00ed<\/span><\/a><\/strong><\/p><p>Su validez es la misma y expresar\u00e1 igualmente la voluntad inequ\u00edvoca de su parecer positiva o negativa hacia la donaci\u00f3n.<\/p>\t\t\t\t\t\t<\/div>\n\t\t\t\t<\/div>\n\t\t\t\t\t<\/div>\n\t\t<\/div>\n\t\t\t\t\t\t\t<\/div>\n\t\t<\/section>\n\t\t\t\t\t\t<\/div>\n\t\t\t\t\t<\/div>\n\t\t","protected":false},"excerpt":{"rendered":"<p>\u00bfQu\u00e9 es el carnet de Donante? La tarjeta de donante de \u00f3rganos y tejidos tiene un valor exclusivamente testimonial. Su<\/p>\n","protected":false},"author":3,"featured_media":0,"parent":0,"menu_order":0,"comment_status":"closed","ping_status":"closed","template":"","meta":[],"_links":{"self":[{"href":"https:\/\/inat.mspbs.gov.py\/index.php?rest_route=\/wp\/v2\/pages\/3212"}],"collection":[{"href":"https:\/\/inat.mspbs.gov.py\/index.php?rest_route=\/wp\/v2\/pages"}],"about":[{"href":"https:\/\/inat.mspbs.gov.py\/index.php?rest_route=\/wp\/v2\/types\/page"}],"author":[{"embeddable":true,"href":"https:\/\/inat.mspbs.gov.py\/index.php?rest_route=\/wp\/v2\/users\/3"}],"replies":[{"embeddable":true,"href":"https:\/\/inat.mspbs.gov.py\/index.php?rest_route=%2Fwp%2Fv2%2Fcomments&post=3212"}],"version-history":[{"count":82,"href":"https:\/\/inat.mspbs.gov.py\/index.php?rest_route=\/wp\/v2\/pages\/3212\/revisions"}],"predecessor-version":[{"id":7156,"href":"https:\/\/inat.mspbs.gov.py\/index.php?rest_route=\/wp\/v2\/pages\/3212\/revisions\/7156"}],"wp:attachment":[{"href":"https:\/\/inat.mspbs.gov.py\/index.php?rest_route=%2Fwp%2Fv2%2Fmedia&parent=3212"}],"curies":[{"name":"wp","href":"https:\/\/api.w.org\/{rel}","templated":true}]}}