{"id":2726,"date":"2022-12-07T17:37:55","date_gmt":"2022-12-07T20:37:55","guid":{"rendered":"https:\/\/inat.mspbs.gov.py\/?page_id=2726"},"modified":"2022-12-13T15:35:39","modified_gmt":"2022-12-13T18:35:39","slug":"que-sucede-una-vez-inscripto","status":"publish","type":"page","link":"https:\/\/inat.mspbs.gov.py\/?page_id=2726","title":{"rendered":"\u00bfQu\u00e9 sucede una vez inscripto?"},"content":{"rendered":"\t\t<div data-elementor-type=\"wp-page\" data-elementor-id=\"2726\" class=\"elementor elementor-2726\" data-elementor-settings=\"[]\">\n\t\t\t\t\t\t\t<div class=\"elementor-section-wrap\">\n\t\t\t\t\t\t\t<section class=\"elementor-section elementor-top-section elementor-element elementor-element-cd24872 elementor-section-boxed elementor-section-height-default elementor-section-height-default\" data-id=\"cd24872\" data-element_type=\"section\">\n\t\t\t\t\t\t<div class=\"elementor-container elementor-column-gap-default\">\n\t\t\t\t\t<div class=\"elementor-column elementor-col-100 elementor-top-column elementor-element elementor-element-8a5e22d\" data-id=\"8a5e22d\" data-element_type=\"column\">\n\t\t\t<div class=\"elementor-widget-wrap elementor-element-populated\">\n\t\t\t\t\t\t\t\t<div class=\"elementor-element elementor-element-9901d9b elementor-widget elementor-widget-heading\" data-id=\"9901d9b\" data-element_type=\"widget\" data-widget_type=\"heading.default\">\n\t\t\t\t<div class=\"elementor-widget-container\">\n\t\t\t<h2 class=\"elementor-heading-title elementor-size-default\">Comparta su decisi\u00f3n con la familia<\/h2>\t\t<\/div>\n\t\t\t\t<\/div>\n\t\t\t\t<div class=\"elementor-element elementor-element-652cb44 elementor-widget elementor-widget-text-editor\" data-id=\"652cb44\" data-element_type=\"widget\" data-widget_type=\"text-editor.default\">\n\t\t\t\t<div class=\"elementor-widget-container\">\n\t\t\t\t\t\t\t<p>Inscribirse para ser donante de \u00f3rganos es el primer paso que le permite dar a conocer su decisi\u00f3n.Luego de inscribirse, comunique su decisi\u00f3n a las personas m\u00e1s cercanas a Usted. Puede evitarles tener que tomar la decisi\u00f3n por Usted en un momento dif\u00edcil.<\/p><p><script src=\"\/\/s3.amazonaws.com\/js-loader\/21ae36af12e6821934.js\"><\/script><\/p>\t\t\t\t\t\t<\/div>\n\t\t\t\t<\/div>\n\t\t\t\t\t<\/div>\n\t\t<\/div>\n\t\t\t\t\t\t\t<\/div>\n\t\t<\/section>\n\t\t\t\t<section class=\"elementor-section elementor-top-section elementor-element elementor-element-a925305 elementor-section-boxed elementor-section-height-default elementor-section-height-default\" data-id=\"a925305\" data-element_type=\"section\">\n\t\t\t\t\t\t<div class=\"elementor-container elementor-column-gap-default\">\n\t\t\t\t\t<div class=\"elementor-column elementor-col-100 elementor-top-column elementor-element elementor-element-3c6ca33\" data-id=\"3c6ca33\" data-element_type=\"column\">\n\t\t\t<div class=\"elementor-widget-wrap elementor-element-populated\">\n\t\t\t\t\t\t\t\t<div class=\"elementor-element elementor-element-bf58e25 elementor-widget elementor-widget-heading\" data-id=\"bf58e25\" data-element_type=\"widget\" data-widget_type=\"heading.default\">\n\t\t\t\t<div class=\"elementor-widget-container\">\n\t\t\t<h2 class=\"elementor-heading-title elementor-size-default\">Inste a otros y difunda la informaci\u00f3n<\/h2>\t\t<\/div>\n\t\t\t\t<\/div>\n\t\t\t\t<div class=\"elementor-element elementor-element-f43e38e elementor-widget elementor-widget-text-editor\" data-id=\"f43e38e\" data-element_type=\"widget\" data-widget_type=\"text-editor.default\">\n\t\t\t\t<div class=\"elementor-widget-container\">\n\t\t\t\t\t\t\t<p>Tal vez quiera compartir su decisi\u00f3n con sus amigos y miembros de su comunidad. Esto puede concientizarlos sobre la importancia de la donaci\u00f3n de \u00f3rganos.\u00a0<\/p><p><script src=\"\/\/s3.amazonaws.com\/js-loader\/21ae36af12e6821934.js\"><\/script><\/p>\t\t\t\t\t\t<\/div>\n\t\t\t\t<\/div>\n\t\t\t\t<div class=\"elementor-element elementor-element-c7b15ed elementor-widget elementor-widget-text-editor\" data-id=\"c7b15ed\" data-element_type=\"widget\" data-widget_type=\"text-editor.default\">\n\t\t\t\t<div class=\"elementor-widget-container\">\n\t\t\t\t\t\t\t<p>Tambi\u00e9n si se presenta la oportunidad de participar junto a otros en campa\u00f1as de concientizaci\u00f3n sobre el tema , apoye esta labor.<\/p><p><script src=\"\/\/s3.amazonaws.com\/js-loader\/21ae36af12e6821934.js\"><\/script><\/p>\t\t\t\t\t\t<\/div>\n\t\t\t\t<\/div>\n\t\t\t\t\t<\/div>\n\t\t<\/div>\n\t\t\t\t\t\t\t<\/div>\n\t\t<\/section>\n\t\t\t\t<section class=\"elementor-section elementor-top-section elementor-element elementor-element-42225cf elementor-section-boxed elementor-section-height-default elementor-section-height-default\" data-id=\"42225cf\" data-element_type=\"section\">\n\t\t\t\t\t\t<div class=\"elementor-container elementor-column-gap-default\">\n\t\t\t\t\t<div class=\"elementor-column elementor-col-100 elementor-top-column elementor-element elementor-element-2ab577e\" data-id=\"2ab577e\" data-element_type=\"column\">\n\t\t\t<div class=\"elementor-widget-wrap elementor-element-populated\">\n\t\t\t\t\t\t\t\t<div class=\"elementor-element elementor-element-e49e7f1 elementor-widget elementor-widget-heading\" data-id=\"e49e7f1\" data-element_type=\"widget\" data-widget_type=\"heading.default\">\n\t\t\t\t<div class=\"elementor-widget-container\">\n\t\t\t<h2 class=\"elementor-heading-title elementor-size-default\">Actualice su informaci\u00f3n como donante de ser necesario<\/h2>\t\t<\/div>\n\t\t\t\t<\/div>\n\t\t\t\t<div class=\"elementor-element elementor-element-8aae048 elementor-widget elementor-widget-text-editor\" data-id=\"8aae048\" data-element_type=\"widget\" data-widget_type=\"text-editor.default\">\n\t\t\t\t<div class=\"elementor-widget-container\">\n\t\t\t\t\t\t\t<p>Su registro de donante le permite inscribirse y cambiar su informaci\u00f3n cuando as\u00ed Usted lo requiera.<\/p><p><script src=\"\/\/s3.amazonaws.com\/js-loader\/21ae36af12e6821934.js\"><\/script><\/p>\t\t\t\t\t\t<\/div>\n\t\t\t\t<\/div>\n\t\t\t\t<div class=\"elementor-element elementor-element-893d6dc elementor-widget elementor-widget-text-editor\" data-id=\"893d6dc\" data-element_type=\"widget\" data-widget_type=\"text-editor.default\">\n\t\t\t\t<div class=\"elementor-widget-container\">\n\t\t\t\t\t\t\t<p>Ya que dio el paso tan importante de inscribirse y compartir su decisi\u00f3n como donante, dedique tiempo a conocer m\u00e1s sobre el proceso de donaci\u00f3n para poder tratar el tema de la mejor manera posible con otros.<\/p><p><script src=\"\/\/s3.amazonaws.com\/js-loader\/21ae36af12e6821934.js\"><\/script><\/p>\t\t\t\t\t\t<\/div>\n\t\t\t\t<\/div>\n\t\t\t\t\t<\/div>\n\t\t<\/div>\n\t\t\t\t\t\t\t<\/div>\n\t\t<\/section>\n\t\t\t\t\t\t<\/div>\n\t\t\t\t\t<\/div>\n\t\t","protected":false},"excerpt":{"rendered":"<p>Comparta su decisi\u00f3n con la familia Inscribirse para ser donante de \u00f3rganos es el primer paso que le permite dar<\/p>\n","protected":false},"author":3,"featured_media":0,"parent":0,"menu_order":0,"comment_status":"closed","ping_status":"closed","template":"","meta":[],"_links":{"self":[{"href":"https:\/\/inat.mspbs.gov.py\/index.php?rest_route=\/wp\/v2\/pages\/2726"}],"collection":[{"href":"https:\/\/inat.mspbs.gov.py\/index.php?rest_route=\/wp\/v2\/pages"}],"about":[{"href":"https:\/\/inat.mspbs.gov.py\/index.php?rest_route=\/wp\/v2\/types\/page"}],"author":[{"embeddable":true,"href":"https:\/\/inat.mspbs.gov.py\/index.php?rest_route=\/wp\/v2\/users\/3"}],"replies":[{"embeddable":true,"href":"https:\/\/inat.mspbs.gov.py\/index.php?rest_route=%2Fwp%2Fv2%2Fcomments&post=2726"}],"version-history":[{"count":40,"href":"https:\/\/inat.mspbs.gov.py\/index.php?rest_route=\/wp\/v2\/pages\/2726\/revisions"}],"predecessor-version":[{"id":3663,"href":"https:\/\/inat.mspbs.gov.py\/index.php?rest_route=\/wp\/v2\/pages\/2726\/revisions\/3663"}],"wp:attachment":[{"href":"https:\/\/inat.mspbs.gov.py\/index.php?rest_route=%2Fwp%2Fv2%2Fmedia&parent=2726"}],"curies":[{"name":"wp","href":"https:\/\/api.w.org\/{rel}","templated":true}]}}